{"id":328,"date":"2021-11-26T09:38:47","date_gmt":"2021-11-26T09:38:47","guid":{"rendered":""},"modified":"2026-01-28T00:21:16","modified_gmt":"2026-01-28T00:21:16","slug":"nosotros","status":"publish","type":"page","link":"https:\/\/drjoohn.com\/es\/nosotros\/","title":{"rendered":"Nosotros"},"content":{"rendered":"<div data-elementor-type=\"wp-page\" data-elementor-id=\"328\" class=\"elementor elementor-328\">\n\t\t\t\t\t\t<section class=\"elementor-section elementor-top-section elementor-element elementor-element-322ccba elementor-section-boxed elementor-section-gap-beside-yes elementor-section-height-default elementor-section-height-default elementor-section-column-vertical-align-stretch\" data-id=\"322ccba\" data-element_type=\"section\">\n\t\t\t\t\t\t<div class=\"elementor-container elementor-column-gap-extended\">\n\t\t\t\t\t<div class=\"elementor-column elementor-col-100 elementor-top-column elementor-element elementor-element-d0e457e\" data-id=\"d0e457e\" data-element_type=\"column\">\n\t\t\t<div class=\"elementor-widget-wrap elementor-element-populated\">\n\t\t\t\t\t\t<section class=\"elementor-section elementor-inner-section elementor-element elementor-element-dda7167 elementor-section-boxed elementor-section-height-default elementor-section-height-default elementor-section-column-vertical-align-stretch\" data-id=\"dda7167\" data-element_type=\"section\">\n\t\t\t\t\t\t<div class=\"elementor-container elementor-column-gap-no\">\n\t\t\t\t\t<div class=\"elementor-column elementor-col-50 elementor-inner-column elementor-element elementor-element-886c5b0\" data-id=\"886c5b0\" data-element_type=\"column\">\n\t\t\t<div class=\"elementor-widget-wrap elementor-element-populated\">\n\t\t\t\t\t\t<div class=\"elementor-element elementor-element-a3061b8 minimog-animation-zoom-in elementor-widget elementor-widget-tm-modern-image\" data-id=\"a3061b8\" data-element_type=\"widget\" data-widget_type=\"tm-modern-image.default\">\n\t\t\t\t<div class=\"elementor-widget-container\">\n\t\t\t\t\t<div class=\"tm-modern-image\">\n\t\t\t\t\t\t\t<div class=\"minimog-box\">\n\t\t\t\t\t<div class=\"minimog-image\">\t\t\t\t\t<m-image class=\"minimog-lazy-image\" style=\"--lazy-image-width: 4134px;--lazy-image-height: 79.995162070634%;\" data-image-loading><img loading=\"lazy\" decoding=\"async\"  src=\"https:\/\/i0.wp.com\/drjoohn.com\/wp-content\/uploads\/2023\/03\/colchon-seccionado-drjoohn.png?fit=4134%2C3307&amp;ssl=1\" width=\"4134\" height=\"3307\" alt=\"colchon-seccionado-drjoohn\" class=\"attachment-full size-full\" \/><\/m-image>\t\t\t\t\t<\/div>\t\t\t\t<\/div>\n\t\t\t\t\t\t\t\t\t\t<\/div>\n\t\t\t\t<\/div>\n\t\t\t\t<\/div>\n\t\t\t\t\t<\/div>\n\t\t<\/div>\n\t\t\t\t<div class=\"elementor-column elementor-col-50 elementor-inner-column elementor-element elementor-element-eac4677\" data-id=\"eac4677\" data-element_type=\"column\">\n\t\t\t<div class=\"elementor-widget-wrap elementor-element-populated\">\n\t\t\t\t\t\t<div class=\"elementor-element elementor-element-95e603c elementor-widget elementor-widget-tm-heading\" data-id=\"95e603c\" data-element_type=\"widget\" data-widget_type=\"tm-heading.default\">\n\t\t\t\t<div class=\"elementor-widget-container\">\n\t\t\t\t\t<div class=\"tm-modern-heading tm-modern-heading--style-01 tm-modern-heading--highlight-style-01\">\n\t\t\t\n\t\t\t\t\t<div class=\"heading-primary-wrap\">\n\t\t\t<h2 class=\"heading-primary elementor-heading-title\"><h2 align=\"center\" style=\"font-family: Lato; font-weight: 700; line-height: 1.1; color: rgb(0, 0, 0); margin: 0cm 0cm 0.0001pt; font-size: 28px; letter-spacing: normal; text-transform: none; white-space: normal; text-align: center; background-image: initial; background-position: initial; background-size: initial; background-repeat: initial; background-attachment: initial; background-origin: initial; background-clip: initial;\"><span style=\"margin-bottom: 0px; color: rgb(32, 2, 74);\"><span style=\"margin-bottom: 0px;\"><span lang=\"ES-MX\" style=\"margin-bottom: 0px; font-family: Arial, sans-serif;\">Did you know that only 5% of the world's population enjoys perfect health?<\/span><\/span><\/span><\/h2><\/h2>\t\t<\/div>\n\t\t\n\t\t\t\n\t\t\t\t\t<div class=\"heading-description-wrap\">\n\t\t\t<div class=\"heading-description\">\n\t\t\t\t<p>Concerned about this situation, Dr. John was born in a turbulent context, with the start of the global pandemic marking its launch. We are a Mexican company dedicated and committed to improving the health and quality of life of millions of people. We offer a range of medical-grade mattresses, cushions, and pillows, specifically designed to help transform people's quality of life and make them feel stronger, freer, and healthier.<\/p>\t\t\t<\/div>\n\t\t<\/div>\n\t\t\t\t<\/div>\n\t\t\t\t<\/div>\n\t\t\t\t<\/div>\n\t\t\t\t\t<\/div>\n\t\t<\/div>\n\t\t\t\t\t<\/div>\n\t\t<\/section>\n\t\t\t\t<section class=\"elementor-section elementor-inner-section elementor-element elementor-element-7657160 elementor-hidden-desktop elementor-hidden-tablet elementor-hidden-mobile elementor-section-boxed elementor-section-height-default elementor-section-height-default elementor-section-column-vertical-align-stretch\" data-id=\"7657160\" data-element_type=\"section\">\n\t\t\t\t\t\t<div class=\"elementor-container elementor-column-gap-no\">\n\t\t\t\t\t<div class=\"elementor-column elementor-col-50 elementor-inner-column elementor-element elementor-element-d91e9c7\" data-id=\"d91e9c7\" data-element_type=\"column\">\n\t\t\t<div class=\"elementor-widget-wrap elementor-element-populated\">\n\t\t\t\t\t\t<div class=\"elementor-element elementor-element-1352b29 elementor-widget elementor-widget-tm-heading\" data-id=\"1352b29\" data-element_type=\"widget\" data-widget_type=\"tm-heading.default\">\n\t\t\t\t<div class=\"elementor-widget-container\">\n\t\t\t\t\t<div class=\"tm-modern-heading tm-modern-heading--style-01 tm-modern-heading--highlight-style-01\">\n\t\t\t\n\t\t\t\t\t<div class=\"heading-primary-wrap\">\n\t\t\t<h2 class=\"heading-primary elementor-heading-title\">Nuestro enfoque.<\/h2>\t\t<\/div>\n\t\t\n\t\t\t\n\t\t\t\t\t<div class=\"heading-description-wrap\">\n\t\t\t<div class=\"heading-description\">\n\t\t\t\t<p>Lujosas, livianas y hechas con la combinaci\u00f3n perfecta de cachemira y algod\u00f3n, nuestras almohadas y mantas Sonoma est\u00e1n inspiradas en los b\u00e1sicos que usamos temporada tras temporada. Conozca los elementos esenciales acogedores que elevar\u00e1n su espacio en un instante.<\/p>\t\t\t<\/div>\n\t\t<\/div>\n\t\t\t\t<\/div>\n\t\t\t\t<\/div>\n\t\t\t\t<\/div>\n\t\t\t\t\t<\/div>\n\t\t<\/div>\n\t\t\t\t<div class=\"elementor-column elementor-col-50 elementor-inner-column elementor-element elementor-element-6640f16\" data-id=\"6640f16\" data-element_type=\"column\">\n\t\t\t<div class=\"elementor-widget-wrap elementor-element-populated\">\n\t\t\t\t\t\t<div class=\"elementor-element elementor-element-8783a92 minimog-animation-zoom-in elementor-widget elementor-widget-tm-modern-image\" data-id=\"8783a92\" data-element_type=\"widget\" data-widget_type=\"tm-modern-image.default\">\n\t\t\t\t<div class=\"elementor-widget-container\">\n\t\t\t\t\t<div class=\"tm-modern-image\">\n\t\t\t\t\t\t\t<div class=\"minimog-box\">\n\t\t\t\t\t<div class=\"minimog-image\">\t\t\t\t\t<m-image class=\"minimog-lazy-image\" style=\"--lazy-image-width: 0px;--lazy-image-height: 0%;\" data-image-loading><img loading=\"lazy\" decoding=\"async\"  src=\"https:\/\/i0.wp.com\/drjoohn.com\/wp-content\/uploads\/2021\/11\/about1_02.jpg?ssl=1\" width=\"0\" height=\"0\" alt=\"about1_02\" class=\"attachment-full size-full\" \/><\/m-image>\t\t\t\t\t<\/div>\t\t\t\t<\/div>\n\t\t\t\t\t\t\t\t\t\t<\/div>\n\t\t\t\t<\/div>\n\t\t\t\t<\/div>\n\t\t\t\t\t<\/div>\n\t\t<\/div>\n\t\t\t\t\t<\/div>\n\t\t<\/section>\n\t\t\t\t\t<\/div>\n\t\t<\/div>\n\t\t\t\t\t<\/div>\n\t\t<\/section>\n\t\t\t\t<section class=\"elementor-section elementor-top-section elementor-element elementor-element-63fb7be elementor-section-boxed elementor-section-gap-beside-yes elementor-section-height-default elementor-section-height-default elementor-section-column-vertical-align-stretch\" data-id=\"63fb7be\" data-element_type=\"section\">\n\t\t\t\t\t\t<div class=\"elementor-container elementor-column-gap-extended\">\n\t\t\t\t\t<div class=\"elementor-column elementor-col-100 elementor-top-column elementor-element elementor-element-328363a\" data-id=\"328363a\" data-element_type=\"column\">\n\t\t\t<div class=\"elementor-widget-wrap elementor-element-populated\">\n\t\t\t\t\t\t<div class=\"elementor-element elementor-element-4b50ee3 elementor-widget elementor-widget-tm-heading\" data-id=\"4b50ee3\" data-element_type=\"widget\" data-widget_type=\"tm-heading.default\">\n\t\t\t\t<div class=\"elementor-widget-container\">\n\t\t\t\t\t<div class=\"tm-modern-heading tm-modern-heading--style-01 tm-modern-heading--highlight-style-01\">\n\t\t\t\n\t\t\t\t\t<div class=\"heading-primary-wrap\">\n\t\t\t<h2 class=\"heading-primary elementor-heading-title\">We are proudly Mexican.<\/h2>\t\t<\/div>\n\t\t\n\t\t\t\n\t\t\t\t\t<\/div>\n\t\t\t\t<\/div>\n\t\t\t\t<\/div>\n\t\t\t\t<section class=\"elementor-section elementor-inner-section elementor-element elementor-element-0f7c84e elementor-section-gap-beside-no elementor-section-boxed elementor-section-height-default elementor-section-height-default elementor-section-column-vertical-align-stretch\" data-id=\"0f7c84e\" data-element_type=\"section\">\n\t\t\t\t\t\t<div class=\"elementor-container elementor-column-gap-extended\">\n\t\t\t\t\t<div class=\"elementor-column elementor-col-33 elementor-inner-column elementor-element elementor-element-5683802\" data-id=\"5683802\" data-element_type=\"column\">\n\t\t\t<div class=\"elementor-widget-wrap elementor-element-populated\">\n\t\t\t\t\t\t<div class=\"elementor-element elementor-element-52ab1c9 elementor-widget elementor-widget-tm-image-box\" data-id=\"52ab1c9\" data-element_type=\"widget\" data-widget_type=\"tm-image-box.default\">\n\t\t\t\t<div class=\"elementor-widget-container\">\n\t\t\t\t\t<div class=\"tm-image-box minimog-box tm-image-box--image-top tm-image-box--style-1\">\t\t<div class=\"tm-image-box__wrap\">\n\n\t\t\t\t\t\t\t<div class=\"tm-image-box__image\">\n\t\t\t\t\t<m-image class=\"minimog-lazy-image minimog-image\" style=\"--lazy-image-width: 0px;--lazy-image-height: 0%;\" data-image-loading><img loading=\"lazy\" decoding=\"async\"  src=\"https:\/\/i0.wp.com\/drjoohn.com\/wp-content\/uploads\/2021\/11\/cloud.png?ssl=1\" width=\"0\" height=\"0\" alt=\"cloud\" class=\"attachment-full size-full\" \/><\/m-image>\t\t\t\t\t\t\t\t\t<\/div>\n\t\t\t\n\t\t\t<div class=\"tm-image-box__content\">\n\t\t\t\t<div class=\"tm-image-box__title-wrapper\"><h3 class=\"tm-image-box__title\"><span class=\"tm-image-box__title-text\">Softness<\/span><\/h3><\/div>\n\t\t\t\t\t\t<div class=\"tm-image-box__description\">\n\t\t\tThe best premium quality materials just for your comfort.\t\t<\/div>\n\t\t\n\t\t\t\t\t\t\t<\/div>\n\n\t\t<\/div>\n\t\t<\/div>\t\t\t\t<\/div>\n\t\t\t\t<\/div>\n\t\t\t\t\t<\/div>\n\t\t<\/div>\n\t\t\t\t<div class=\"elementor-column elementor-col-33 elementor-inner-column elementor-element elementor-element-a340ea9\" data-id=\"a340ea9\" data-element_type=\"column\">\n\t\t\t<div class=\"elementor-widget-wrap elementor-element-populated\">\n\t\t\t\t\t\t<div class=\"elementor-element elementor-element-3c9d326 elementor-widget elementor-widget-tm-image-box\" data-id=\"3c9d326\" data-element_type=\"widget\" data-widget_type=\"tm-image-box.default\">\n\t\t\t\t<div class=\"elementor-widget-container\">\n\t\t\t\t\t<div class=\"tm-image-box minimog-box tm-image-box--image-top tm-image-box--style-1\">\t\t<div class=\"tm-image-box__wrap\">\n\n\t\t\t\t\t\t\t<div class=\"tm-image-box__image\">\n\t\t\t\t\t<m-image class=\"minimog-lazy-image minimog-image\" style=\"--lazy-image-width: 0px;--lazy-image-height: 0%;\" data-image-loading><img loading=\"lazy\" decoding=\"async\"  src=\"https:\/\/i0.wp.com\/drjoohn.com\/wp-content\/uploads\/2021\/11\/feather.png?ssl=1\" width=\"0\" height=\"0\" alt=\"feather\" class=\"attachment-full size-full\" \/><\/m-image>\t\t\t\t\t\t\t\t\t<\/div>\n\t\t\t\n\t\t\t<div class=\"tm-image-box__content\">\n\t\t\t\t<div class=\"tm-image-box__title-wrapper\"><h3 class=\"tm-image-box__title\"><span class=\"tm-image-box__title-text\">Lightness<\/span><\/h3><\/div>\n\t\t\t\t\t\t<div class=\"tm-image-box__description\">\n\t\t\tOur products are flexible, you'll love their designs.\t\t<\/div>\n\t\t\n\t\t\t\t\t\t\t<\/div>\n\n\t\t<\/div>\n\t\t<\/div>\t\t\t\t<\/div>\n\t\t\t\t<\/div>\n\t\t\t\t\t<\/div>\n\t\t<\/div>\n\t\t\t\t<div class=\"elementor-column elementor-col-33 elementor-inner-column elementor-element elementor-element-ba56adc\" data-id=\"ba56adc\" data-element_type=\"column\">\n\t\t\t<div class=\"elementor-widget-wrap elementor-element-populated\">\n\t\t\t\t\t\t<div class=\"elementor-element elementor-element-1b271b7 elementor-widget elementor-widget-tm-image-box\" data-id=\"1b271b7\" data-element_type=\"widget\" data-widget_type=\"tm-image-box.default\">\n\t\t\t\t<div class=\"elementor-widget-container\">\n\t\t\t\t\t<div class=\"tm-image-box minimog-box tm-image-box--image-top tm-image-box--style-1\">\t\t<div class=\"tm-image-box__wrap\">\n\n\t\t\t\t\t\t\t<div class=\"tm-image-box__image\">\n\t\t\t\t\t<m-image class=\"minimog-lazy-image minimog-image\" style=\"--lazy-image-width: 0px;--lazy-image-height: 0%;\" data-image-loading><img loading=\"lazy\" decoding=\"async\"  src=\"https:\/\/i0.wp.com\/drjoohn.com\/wp-content\/uploads\/2021\/11\/clock.png?ssl=1\" width=\"0\" height=\"0\" alt=\"clock\" class=\"attachment-full size-full\" \/><\/m-image>\t\t\t\t\t\t\t\t\t<\/div>\n\t\t\t\n\t\t\t<div class=\"tm-image-box__content\">\n\t\t\t\t<div class=\"tm-image-box__title-wrapper\"><h3 class=\"tm-image-box__title\"><span class=\"tm-image-box__title-text\">Everyday comfort<\/span><\/h3><\/div>\n\t\t\t\t\t\t<div class=\"tm-image-box__description\">\n\t\t\tSophisticated quality with the best technology in rest.\t\t<\/div>\n\t\t\n\t\t\t\t\t\t\t<\/div>\n\n\t\t<\/div>\n\t\t<\/div>\t\t\t\t<\/div>\n\t\t\t\t<\/div>\n\t\t\t\t\t<\/div>\n\t\t<\/div>\n\t\t\t\t\t<\/div>\n\t\t<\/section>\n\t\t\t\t\t<\/div>\n\t\t<\/div>\n\t\t\t\t\t<\/div>\n\t\t<\/section>\n\t\t\t\t<section class=\"elementor-section elementor-top-section elementor-element elementor-element-4679952 elementor-section-boxed elementor-section-gap-beside-yes elementor-section-height-default elementor-section-height-default elementor-section-column-vertical-align-stretch\" data-id=\"4679952\" data-element_type=\"section\">\n\t\t\t\t\t\t<div class=\"elementor-container elementor-column-gap-extended\">\n\t\t\t\t\t<div class=\"elementor-column elementor-col-100 elementor-top-column elementor-element elementor-element-e2947b8\" data-id=\"e2947b8\" data-element_type=\"column\">\n\t\t\t<div class=\"elementor-widget-wrap elementor-element-populated\">\n\t\t\t\t\t\t<div class=\"elementor-element elementor-element-62517b8 elementor-widget elementor-widget-tm-modern-image\" data-id=\"62517b8\" data-element_type=\"widget\" data-widget_type=\"tm-modern-image.default\">\n\t\t\t\t<div class=\"elementor-widget-container\">\n\t\t\t\t\t<div class=\"tm-modern-image\">\n\t\t\t\t\t\t\t<div class=\"minimog-box\">\n\t\t\t\t\t<div class=\"minimog-image\">\t\t\t\t\t<m-image class=\"minimog-lazy-image\" style=\"--lazy-image-width: 800px;--lazy-image-height: 21.625%;\" data-image-loading><img data-recalc-dims=\"1\" loading=\"lazy\" decoding=\"async\"  src=\"https:\/\/i0.wp.com\/drjoohn.com\/wp-content\/uploads\/2023\/03\/logo-drjoohn-actualizado-v1.png?resize=640%2C138&#038;ssl=1\" width=\"640\" height=\"138\" alt=\"logo-drjoohn-actualizado-v1\" class=\"attachment-800x9999 size-800x9999\" \/><\/m-image>\t\t\t\t\t<\/div>\t\t\t\t<\/div>\n\t\t\t\t\t\t\t\t\t\t<\/div>\n\t\t\t\t<\/div>\n\t\t\t\t<\/div>\n\t\t\t\t<div class=\"elementor-element elementor-element-f6993d4 elementor-widget elementor-widget-tm-heading\" data-id=\"f6993d4\" data-element_type=\"widget\" data-widget_type=\"tm-heading.default\">\n\t\t\t\t<div class=\"elementor-widget-container\">\n\t\t\t\t\t<div class=\"tm-modern-heading tm-modern-heading--style-02 tm-modern-heading--highlight-style-01\">\n\t\t\t\n\t\t\t\n\t\t\t\n\t\t\t\t\t<\/div>\n\t\t\t\t<\/div>\n\t\t\t\t<\/div>\n\t\t\t\t\t<\/div>\n\t\t<\/div>\n\t\t\t\t\t<\/div>\n\t\t<\/section>\n\t\t\t\t<section class=\"elementor-section elementor-top-section elementor-element elementor-element-bab6a3d elementor-hidden-desktop elementor-hidden-tablet elementor-hidden-mobile elementor-section-boxed elementor-section-gap-beside-yes elementor-section-height-default elementor-section-height-default elementor-section-column-vertical-align-stretch\" data-id=\"bab6a3d\" data-element_type=\"section\">\n\t\t\t\t\t\t<div class=\"elementor-container elementor-column-gap-extended\">\n\t\t\t\t\t<div class=\"elementor-column elementor-col-100 elementor-top-column elementor-element elementor-element-50488b1\" data-id=\"50488b1\" data-element_type=\"column\">\n\t\t\t<div class=\"elementor-widget-wrap elementor-element-populated\">\n\t\t\t\t\t\t<div class=\"elementor-element elementor-element-7452ec3 elementor-widget elementor-widget-spacer\" data-id=\"7452ec3\" data-element_type=\"widget\" data-widget_type=\"spacer.default\">\n\t\t\t\t<div class=\"elementor-widget-container\">\n\t\t\t\t\t<div class=\"elementor-spacer\">\n\t\t\t<div class=\"elementor-spacer-inner\"><\/div>\n\t\t<\/div>\n\t\t\t\t<\/div>\n\t\t\t\t<\/div>\n\t\t\t\t<div class=\"elementor-element elementor-element-1cf96c2 elementor-widget elementor-widget-tm-heading\" data-id=\"1cf96c2\" data-element_type=\"widget\" data-widget_type=\"tm-heading.default\">\n\t\t\t\t<div class=\"elementor-widget-container\">\n\t\t\t\t\t<div class=\"tm-modern-heading tm-modern-heading--style-01 tm-modern-heading--highlight-style-01\">\n\t\t\t\n\t\t\t\t\t<div class=\"heading-primary-wrap\">\n\t\t\t<h2 class=\"heading-primary elementor-heading-title\">\u00a1Luce genial! Si\u00e9ntete a\u00fan mejor.<\/h2>\t\t<\/div>\n\t\t\n\t\t\t\n\t\t\t\t\t<div class=\"heading-description-wrap\">\n\t\t\t<div class=\"heading-description\">\n\t\t\t\t<p>Ve toda nuestra gama de productos fabricados y pensados en alcanzar la mejor calidad a tus necesidades.<\/p>\t\t\t<\/div>\n\t\t<\/div>\n\t\t\t\t<\/div>\n\t\t\t\t<\/div>\n\t\t\t\t<\/div>\n\t\t\t\t<div class=\"elementor-element elementor-element-f815f49 elementor-align-center elementor-widget elementor-widget-tm-button\" data-id=\"f815f49\" data-element_type=\"widget\" data-widget_type=\"tm-button.default\">\n\t\t\t\t<div class=\"elementor-widget-container\">\n\t\t\t\t\t<a href=\"https:\/\/minimog-import.thememove.com\/furniture-home\/shop\/\" class=\"tm-button-link tm-button style-flat tm-button-nm\" role=\"button\">\n\n\t\t\t\t\t<div class=\"button-content-wrapper\">\n\t\t\t\n\t\t\t\t\t<div class=\"button-text\">\n\t\t\t\n\t\t\tDescubre M\u00e1s\n\t\t\t\n\t\t\t\t\t<\/div>\n\t\t\n\t\t\t\t\t<\/div>\n\t\t\n\t\t\t\t\t<\/a>\n\t\t\t\t<\/div>\n\t\t\t\t<\/div>\n\t\t\t\t\t<\/div>\n\t\t<\/div>\n\t\t\t\t\t<\/div>\n\t\t<\/section>\n\t\t\t\t<\/div>","protected":false},"excerpt":{"rendered":"<p>Did you know that only 5% of the world&#8217;s population enjoys perfect health? Concerned about this situation, Dr. John was born in a turbulent context, with the start of the global pandemic marking its launch. We are a Mexican company dedicated and committed to improving the health and quality of life of millions of people. We offer a range of medical-grade mattresses, cushions, and pillows, specifically designed to help transform people&#8217;s quality of life and make them feel stronger, freer, and healthier. Nuestro enfoque. Lujosas, livianas y hechas con la combinaci\u00f3n perfecta de cachemira y algod\u00f3n, nuestras almohadas y mantas Sonoma est\u00e1n inspiradas en los b\u00e1sicos que usamos temporada tras temporada. Conozca los elementos esenciales acogedores que elevar\u00e1n su espacio en un instante. We are proudly Mexican. Softness The best premium quality materials just for your comfort. Lightness Our products are flexible, you&#8217;ll love their designs. Everyday comfort Sophisticated quality with the best technology in rest. \u00a1Luce genial! Si\u00e9ntete a\u00fan mejor. Ve toda nuestra gama de productos fabricados y pensados en alcanzar la mejor calidad a tus necesidades. Descubre M\u00e1s<\/p>","protected":false},"author":1,"featured_media":0,"parent":0,"menu_order":0,"comment_status":"closed","ping_status":"closed","template":"","meta":{"_themeisle_gutenberg_block_has_review":false,"footnotes":""},"class_list":["post-328","page","type-page","status-publish","hentry","post-no-thumbnail"],"jetpack_sharing_enabled":true,"_links":{"self":[{"href":"https:\/\/drjoohn.com\/es\/wp-json\/wp\/v2\/pages\/328","targetHints":{"allow":["GET"]}}],"collection":[{"href":"https:\/\/drjoohn.com\/es\/wp-json\/wp\/v2\/pages"}],"about":[{"href":"https:\/\/drjoohn.com\/es\/wp-json\/wp\/v2\/types\/page"}],"author":[{"embeddable":true,"href":"https:\/\/drjoohn.com\/es\/wp-json\/wp\/v2\/users\/1"}],"replies":[{"embeddable":true,"href":"https:\/\/drjoohn.com\/es\/wp-json\/wp\/v2\/comments?post=328"}],"version-history":[{"count":53,"href":"https:\/\/drjoohn.com\/es\/wp-json\/wp\/v2\/pages\/328\/revisions"}],"predecessor-version":[{"id":22572,"href":"https:\/\/drjoohn.com\/es\/wp-json\/wp\/v2\/pages\/328\/revisions\/22572"}],"wp:attachment":[{"href":"https:\/\/drjoohn.com\/es\/wp-json\/wp\/v2\/media?parent=328"}],"curies":[{"name":"wp","href":"https:\/\/api.w.org\/{rel}","templated":true}]}}