{"id":22173,"date":"2023-06-06T18:51:47","date_gmt":"2023-06-06T18:51:47","guid":{"rendered":"https:\/\/drjoohn.com\/?post_type=product&#038;p=22173"},"modified":"2026-01-31T00:45:13","modified_gmt":"2026-01-31T00:45:13","slug":"colchon-individual-memory-foam-gel-fresco-espumas-certificadas","status":"publish","type":"product","link":"https:\/\/drjoohn.com\/es\/producto\/colchon-individual-memory-foam-gel-fresco-espumas-certificadas\/","title":{"rendered":"Single Mattress Memory Foam Cool Gel Certified Foams Dual Gravity"},"content":{"rendered":"<p>El colch\u00f3n de espuma Dual Gravity combina frescura, confort, soporte y durabilidad para proporcionar la mejor experiencia de descanso. Con nuestro innovador concepto de &#8220;Bed in a Box&#8221; te enviamos tu colch\u00f3n en caja hasta tu hogar y sin costo por env\u00edo.<\/p>\n<p>-DETALLES DEL COLCH\u00d3N INDIVIDUAL<br \/>\n_______________________________________________________________<br \/>\nDimensiones:<br \/>\nColch\u00f3n de Memory Foam de Gel con capa viscoel\u00e1stica de 18 cm de espesor.<br \/>\nMedida: 100 cm x 190 cm.<\/p>\n<p>Capas de espuma:<\/p>\n<p>Capa superior:<br \/>\n&#8211; Cool And Fresh Technology: Suave capa de infusi\u00f3n de Memory Foam de Gel<br \/>\nmantienen el colch\u00f3n seis veces mas fresco.<\/p>\n<p>-Sistema Low Presussure: Elimina los molestos puntos de presi\u00f3n y<br \/>\ndistribuye el peso de forma perfecta para un descanso exquisito.<\/p>\n<p>Capa base:<br \/>\n&#8212; Base Gravity Zone: Est\u00e1 dise\u00f1ada para evitar el hundimiento y la flacidez mientras soporta todo el cuerpo. Adem\u00e1s mantiene los hombros y la cadera, mejorando la postura durante el sue\u00f1o para un descanso adecuado.<\/p>\n<p>-Espuma certificada con CertiPur-US: Las espumas certificadas por CertiPUR-US cumplen con los est\u00e1ndares de contenido, emisiones y durabilidad, y son analizadas por laboratorios independientes acreditados.<\/p>\n<p>Cubierta:<br \/>\n-Cubierta Refresh Cooling Cover: Funda fresca y suave.<br \/>\n*El dise\u00f1o de la tela reduce la acumulaci\u00f3n de \u00e1caros.<br \/>\n*La cara interna de la funda es antideslizante.<br \/>\n*Tela superior 100% removible y lavable.<\/p>","protected":false},"excerpt":{"rendered":"<p>Free delivery to your door.<\/p>\n<p>100-night trial: We know that adjusting to a new mattress takes time, and trying it for just two minutes in a store isn&#8217;t enough. That&#8217;s why we offer you a 100-night trial in the comfort of your own home, or your money back.<\/p>","protected":false},"featured_media":22495,"comment_status":"open","ping_status":"closed","template":"","meta":{"_themeisle_gutenberg_block_has_review":false},"product_brand":[],"product_cat":[59],"product_tag":[],"class_list":{"0":"post-22173","1":"product","2":"type-product","3":"status-publish","4":"has-post-thumbnail","6":"product_cat-mattresses","8":"first","9":"instock","10":"sale","11":"featured","12":"taxable","13":"shipping-taxable","14":"purchasable","15":"product-type-simple"},"jetpack_sharing_enabled":true,"_links":{"self":[{"href":"https:\/\/drjoohn.com\/es\/wp-json\/wp\/v2\/product\/22173","targetHints":{"allow":["GET"]}}],"collection":[{"href":"https:\/\/drjoohn.com\/es\/wp-json\/wp\/v2\/product"}],"about":[{"href":"https:\/\/drjoohn.com\/es\/wp-json\/wp\/v2\/types\/product"}],"replies":[{"embeddable":true,"href":"https:\/\/drjoohn.com\/es\/wp-json\/wp\/v2\/comments?post=22173"}],"version-history":[{"count":4,"href":"https:\/\/drjoohn.com\/es\/wp-json\/wp\/v2\/product\/22173\/revisions"}],"predecessor-version":[{"id":22616,"href":"https:\/\/drjoohn.com\/es\/wp-json\/wp\/v2\/product\/22173\/revisions\/22616"}],"wp:featuredmedia":[{"embeddable":true,"href":"https:\/\/drjoohn.com\/es\/wp-json\/wp\/v2\/media\/22495"}],"wp:attachment":[{"href":"https:\/\/drjoohn.com\/es\/wp-json\/wp\/v2\/media?parent=22173"}],"wp:term":[{"taxonomy":"product_brand","embeddable":true,"href":"https:\/\/drjoohn.com\/es\/wp-json\/wp\/v2\/product_brand?post=22173"},{"taxonomy":"product_cat","embeddable":true,"href":"https:\/\/drjoohn.com\/es\/wp-json\/wp\/v2\/product_cat?post=22173"},{"taxonomy":"product_tag","embeddable":true,"href":"https:\/\/drjoohn.com\/es\/wp-json\/wp\/v2\/product_tag?post=22173"}],"curies":[{"name":"wp","href":"https:\/\/api.w.org\/{rel}","templated":true}]}}