{"id":22184,"date":"2023-06-06T18:57:35","date_gmt":"2023-06-06T18:57:35","guid":{"rendered":"https:\/\/drjoohn.com\/?post_type=product&#038;p=22184"},"modified":"2026-01-31T00:34:27","modified_gmt":"2026-01-31T00:34:27","slug":"colchon-individual-memory-foam-gel-drjoohn-espumas-certificadas","status":"publish","type":"product","link":"https:\/\/drjoohn.com\/es\/producto\/colchon-individual-memory-foam-gel-drjoohn-espumas-certificadas\/","title":{"rendered":"Single Mattress Memory Foam Gel Certified Foams Zero Gravity"},"content":{"rendered":"<p>DR JOOHN<\/p>\n<p>El colch\u00f3n de espuma Zero Gravity combina frescura, confort, soporte y durabilidad para proporcionar la mejor experiencia de descanso. Con nuestro innovador concepto de &#8220;Bed in a Box&#8221; te enviamos tu colch\u00f3n en caja hasta tu hogar y sin costo por env\u00edo.<\/p>\n<p>-DETALLES DEL COLCH\u00d3N INDIVIDUAL<br \/>\n_______________________________________________________________<\/p>\n<p>Dimensiones:<\/p>\n<p>Colch\u00f3n de Memory Foam de Gel con capa viscoel\u00e1stica de 18 cm de espesor.<br \/>\nMedida: 100 cm x 190 cm.<\/p>\n<p>Capas de espuma:<\/p>\n<p>Capa superior:<br \/>\n&#8211; Cool And Fresh Technology: Suave capa de infusi\u00f3n de Memory Foam de Gel<br \/>\nmantienen el colch\u00f3n seis veces mas fresco.<\/p>\n<p>-Sistema Low Presussure: Elimina los molestos puntos de presi\u00f3n y<br \/>\ndistribuye el peso de forma perfecta para un descanso exquisito.<\/p>\n<p>Capa media:<br \/>\n-Capa extra de esponja de alta resistencia incrementando su vida \u00fatil del Colch\u00f3n. Eliminando la transferencia de movimiento.<\/p>\n<p>Capa base:<br \/>\n&#8212; Base Gravity Zone: Est\u00e1 dise\u00f1ada para evitar el hundimiento y la flacidez mientras soporta todo el cuerpo. Adem\u00e1s mantiene los hombros y la cadera, mejorando la postura durante el sue\u00f1o para un descanso adecuado.<\/p>\n<p>-Espuma certificada con CertiPur-US: Las espumas certificadas por CertiPUR-US cumplen con los est\u00e1ndares de contenido, emisiones y durabilidad, y son analizadas por laboratorios independientes acreditados.<\/p>\n<p>Cubierta:<br \/>\n-Cubierta Refresh Cooling Cover: Funda fresca y suave.<br \/>\n*El dise\u00f1o de la tela reduce la acumulaci\u00f3n de \u00e1caros.<br \/>\n*La cara interna de la funda es antideslizante.<br \/>\n*Tela superior 100% removible y lavable.<\/p>","protected":false},"excerpt":{"rendered":"<p>-10-YEAR WARRANTY<br \/>\n_________________________________________________________________<br \/>\nDrjoohn Mattresses offers a 10-year warranty. Therefore, the average lifespan of a Drjoohn mattress can vary between the warranty period and even longer. This always depends on the use and care provided by the customer.<\/p>\n<p>The Drjoohn warranty covers the following:<\/p>\n<p>\u2022 Foam deformation.<\/p>\n<p>\u2022 Foam discoloration.<\/p>\n<p>\u2022 Foam gaps.<\/p>\n<p>\u2022 Lack of firmness.<\/p>\n<p>The protective layer is not covered by the warranty.<\/p>","protected":false},"featured_media":22496,"comment_status":"open","ping_status":"closed","template":"","meta":{"_themeisle_gutenberg_block_has_review":false},"product_brand":[],"product_cat":[59],"product_tag":[],"class_list":{"0":"post-22184","1":"product","2":"type-product","3":"status-publish","4":"has-post-thumbnail","6":"product_cat-mattresses","7":"product_shipping_class-free-shipping","9":"first","10":"instock","11":"sale","12":"featured","13":"taxable","14":"shipping-taxable","15":"purchasable","16":"product-type-simple"},"jetpack_sharing_enabled":true,"_links":{"self":[{"href":"https:\/\/drjoohn.com\/es\/wp-json\/wp\/v2\/product\/22184","targetHints":{"allow":["GET"]}}],"collection":[{"href":"https:\/\/drjoohn.com\/es\/wp-json\/wp\/v2\/product"}],"about":[{"href":"https:\/\/drjoohn.com\/es\/wp-json\/wp\/v2\/types\/product"}],"replies":[{"embeddable":true,"href":"https:\/\/drjoohn.com\/es\/wp-json\/wp\/v2\/comments?post=22184"}],"version-history":[{"count":5,"href":"https:\/\/drjoohn.com\/es\/wp-json\/wp\/v2\/product\/22184\/revisions"}],"predecessor-version":[{"id":22611,"href":"https:\/\/drjoohn.com\/es\/wp-json\/wp\/v2\/product\/22184\/revisions\/22611"}],"wp:featuredmedia":[{"embeddable":true,"href":"https:\/\/drjoohn.com\/es\/wp-json\/wp\/v2\/media\/22496"}],"wp:attachment":[{"href":"https:\/\/drjoohn.com\/es\/wp-json\/wp\/v2\/media?parent=22184"}],"wp:term":[{"taxonomy":"product_brand","embeddable":true,"href":"https:\/\/drjoohn.com\/es\/wp-json\/wp\/v2\/product_brand?post=22184"},{"taxonomy":"product_cat","embeddable":true,"href":"https:\/\/drjoohn.com\/es\/wp-json\/wp\/v2\/product_cat?post=22184"},{"taxonomy":"product_tag","embeddable":true,"href":"https:\/\/drjoohn.com\/es\/wp-json\/wp\/v2\/product_tag?post=22184"}],"curies":[{"name":"wp","href":"https:\/\/api.w.org\/{rel}","templated":true}]}}