{"id":22462,"date":"2024-04-18T18:39:35","date_gmt":"2024-04-18T18:39:35","guid":{"rendered":"https:\/\/drjoohn.com\/?post_type=product&#038;p=22462"},"modified":"2026-01-29T00:22:19","modified_gmt":"2026-01-29T00:22:19","slug":"colchon-de-espuma-basic-individual-colchon-en-caja-certificacion-certipur-us-190-x-100x-14-cm","status":"publish","type":"product","link":"https:\/\/drjoohn.com\/es\/producto\/colchon-de-espuma-basic-individual-colchon-en-caja-certificacion-certipur-us-190-x-100x-14-cm\/","title":{"rendered":"Basic Foam Mattress| Single| Mattress in a Box | Certification CertiPUR-US | 190 x 100x 14 CM |"},"content":{"rendered":"<ul class=\"a-unordered-list a-vertical a-spacing-mini\">\n<li class=\"a-spacing-mini\"><span class=\"a-list-item\">\ud83d\udd35Made with a soft-to-the-touch cotton-polyester cover, it provides coolness for a pleasant and comfortable experience.<\/span><\/li>\n<li class=\"a-spacing-mini\"><span class=\"a-list-item\">\ud83d\udd35Filling made of high-density bonded Ergo Foam to maximize your comfort. Semi-firm feel.<\/span><\/li>\n<li class=\"a-spacing-mini\"><span class=\"a-list-item\">\ud83d\udd35Maximum weight supported: 120 KG<\/span><\/li>\n<li class=\"a-spacing-mini\"><span class=\"a-list-item\">\ud83d\udd35Dimensions: 190x100x14cm<\/span><\/li>\n<li class=\"a-spacing-mini\"><span class=\"a-list-item\">\ud83d\udd35Product packaged in a vacuum-sealed box, enhancing your experience when purchasing DR JOHN products.<\/span><\/li>\n<li class=\"a-spacing-mini\"><span class=\"a-list-item\">\ud83d\udd35At DR JOOHN we distinguish ourselves by offering guarantee and quality in each of our products.<\/span><\/li>\n<li class=\"a-spacing-mini\"><span class=\"a-list-item\">\ud83d\udd35Certification: CertiPUR-US. (Made without ozone depletors, lead, or other heavy metals).<\/span><\/li>\n<\/ul>","protected":false},"excerpt":{"rendered":"<p>*CAPA SUPERIOR DE COLOR BLANCO : Cuenta con dise\u00f1o elegante y una capa adicional de capitonado para maximizar tu descanso y confort.<br \/>\n&#8212;&#8212;&#8212;&#8212;&#8212;&#8212;&#8212;&#8212;&#8212;&#8212;&#8212;&#8212;&#8212;&#8212;&#8212;&#8212;&#8212;&#8212;&#8212;&#8212;&#8212;&#8212;&#8212;&#8212;&#8212;&#8212;&#8212;&#8212;&#8212;&#8212;&#8212;&#8212;&#8212;&#8212;&#8212;&#8212;&#8212;&#8212;&#8211;<br \/>\n*CAPA LATERAL DE COLOR GRIS : esta dise\u00f1ada para se resistente y acojinada , Adem\u00e1s le dar\u00e1 un toque de elegancia y buen gusto a su cuarto.<br \/>\nCapa inferior: Est\u00e1 dise\u00f1ada para proteger a su colch\u00f3n de superficies como bases de madera, bases de metal o suelo.<br \/>\nLa funda cuidadosamente dise\u00f1ada para estar cerrada.<br \/>\n&#8212;&#8212;&#8212;&#8212;&#8212;&#8212;&#8212;&#8212;&#8212;&#8212;&#8212;&#8212;&#8212;&#8212;&#8212;&#8212;&#8212;&#8212;&#8212;&#8212;&#8212;&#8212;&#8212;&#8212;&#8212;&#8212;&#8212;&#8212;&#8212;&#8212;&#8212;&#8212;&#8212;&#8212;&#8212;&#8212;&#8212;&#8212;&#8211;<br \/>\n*RELLLENO : Espuma certificada, para darte el mejor descanso.<br \/>\nEl relleno del colch\u00f3n est\u00e1 conformado por ergo espuma aglutinada de alta densidad para maximizar tu confort. La sensaci\u00f3n de firmeza es semi-firme.<\/p>","protected":false},"featured_media":22514,"comment_status":"open","ping_status":"closed","template":"","meta":{"_themeisle_gutenberg_block_has_review":false},"product_brand":[],"product_cat":[59],"product_tag":[],"class_list":{"0":"post-22462","1":"product","2":"type-product","3":"status-publish","4":"has-post-thumbnail","6":"product_cat-mattresses","7":"product_shipping_class-free-shipping","9":"first","10":"instock","11":"sale","12":"featured","13":"taxable","14":"shipping-taxable","15":"purchasable","16":"product-type-simple"},"jetpack_sharing_enabled":true,"_links":{"self":[{"href":"https:\/\/drjoohn.com\/es\/wp-json\/wp\/v2\/product\/22462","targetHints":{"allow":["GET"]}}],"collection":[{"href":"https:\/\/drjoohn.com\/es\/wp-json\/wp\/v2\/product"}],"about":[{"href":"https:\/\/drjoohn.com\/es\/wp-json\/wp\/v2\/types\/product"}],"replies":[{"embeddable":true,"href":"https:\/\/drjoohn.com\/es\/wp-json\/wp\/v2\/comments?post=22462"}],"version-history":[{"count":4,"href":"https:\/\/drjoohn.com\/es\/wp-json\/wp\/v2\/product\/22462\/revisions"}],"predecessor-version":[{"id":22589,"href":"https:\/\/drjoohn.com\/es\/wp-json\/wp\/v2\/product\/22462\/revisions\/22589"}],"wp:featuredmedia":[{"embeddable":true,"href":"https:\/\/drjoohn.com\/es\/wp-json\/wp\/v2\/media\/22514"}],"wp:attachment":[{"href":"https:\/\/drjoohn.com\/es\/wp-json\/wp\/v2\/media?parent=22462"}],"wp:term":[{"taxonomy":"product_brand","embeddable":true,"href":"https:\/\/drjoohn.com\/es\/wp-json\/wp\/v2\/product_brand?post=22462"},{"taxonomy":"product_cat","embeddable":true,"href":"https:\/\/drjoohn.com\/es\/wp-json\/wp\/v2\/product_cat?post=22462"},{"taxonomy":"product_tag","embeddable":true,"href":"https:\/\/drjoohn.com\/es\/wp-json\/wp\/v2\/product_tag?post=22462"}],"curies":[{"name":"wp","href":"https:\/\/api.w.org\/{rel}","templated":true}]}}